{"id":565,"date":"2017-01-18T14:26:52","date_gmt":"2017-01-18T15:26:52","guid":{"rendered":"http:\/\/tus-harsefeld-fussball.de\/wp\/?page_id=565"},"modified":"2024-08-25T17:40:34","modified_gmt":"2024-08-25T15:40:34","slug":"verein","status":"publish","type":"page","link":"https:\/\/tus-harsefeld-fussball.de\/wp\/verein\/","title":{"rendered":"VEREIN"},"content":{"rendered":"<section class=\"l-section wpb_row us_custom_14e19a50 height_auto\"><div class=\"l-section-h i-cf\"><div class=\"g-cols vc_row via_grid cols_1 laptops-cols_inherit tablets-cols_inherit mobiles-cols_1 valign_top type_default stacking_default\"><div class=\"wpb_column vc_column_container\"><div class=\"vc_column-inner\"><div class=\"wpb_text_column\"><div class=\"wpb_wrapper\"><h3 style=\"text-align: center;\">GESCH\u00c4FTSSTELLE DES TUS HARSEFELD<\/h3>\n<\/div><\/div><\/div><\/div><\/div><\/div><\/section><section class=\"l-section wpb_row height_small\"><div class=\"l-section-h i-cf\"><div class=\"g-cols vc_row via_grid cols_1 laptops-cols_inherit tablets-cols_inherit mobiles-cols_1 valign_middle type_default stacking_default\"><div class=\"wpb_column vc_column_container\"><div class=\"vc_column-inner\"><div class=\"w-contacts\"><div class=\"w-contacts-list\"><div class=\"w-contacts-item for_address\"><span class=\"w-contacts-item-value\">Jahnstra\u00dfe 14, 21698 Harsefeld<\/span><\/div><div class=\"w-contacts-item for_phone\"><span class=\"w-contacts-item-value\">04164 2444<\/span><\/div><div class=\"w-contacts-item for_email\"><span class=\"w-contacts-item-value\"><a href=\"mailto:info@tus-harsefeld.de\">info@tus-harsefeld.de<\/a><\/span><\/div><\/div><\/div><\/div><\/div><\/div><\/div><\/section><section class=\"l-section wpb_row height_auto\"><div class=\"l-section-h i-cf\"><div class=\"g-cols vc_row via_grid cols_4 laptops-cols_inherit tablets-cols_inherit mobiles-cols_1 valign_top type_default stacking_default\"><div class=\"wpb_column vc_column_container\"><div class=\"vc_column-inner\"><div class=\"wpb_text_column\"><div class=\"wpb_wrapper\"><hr \/>\n<h3>FUSSBALLOBMANN<\/h3>\n<\/div><\/div><div class=\"wpb_text_column\"><div class=\"wpb_wrapper\"><h3>Dirk Haucke<\/h3>\n<\/div><\/div><div class=\"w-contacts\"><div class=\"w-contacts-list\"><div class=\"w-contacts-item for_phone\"><span class=\"w-contacts-item-value\">0151 26474103<\/span><\/div><div class=\"w-contacts-item for_email\"><span class=\"w-contacts-item-value\"><a href=\"mailto:fussball@tus-harsefeld.de\">fussball@tus-harsefeld.de<\/a><\/span><\/div><\/div><\/div><\/div><\/div><div class=\"wpb_column vc_column_container\"><div class=\"vc_column-inner\"><div class=\"wpb_text_column\"><div class=\"wpb_wrapper\"><hr \/>\n<h3>\u00d6FFNUNGSZEITEN<\/h3>\n<\/div><\/div><div class=\"wpb_text_column\"><div class=\"wpb_wrapper\"><p>Montag 15-18 Uhr<br \/>\nMittwoch 9-12 Uhr<br \/>\nDonnerstag 16-19 Uhr<\/p>\n<\/div><\/div><\/div><\/div><div class=\"wpb_column vc_column_container\"><div class=\"vc_column-inner\"><div class=\"wpb_text_column\"><div class=\"wpb_wrapper\"><hr \/>\n<h3>DOWNLOADS<\/h3>\n<\/div><\/div><\/div><\/div><div class=\"wpb_column vc_column_container\"><div class=\"vc_column-inner\"><div class=\"wpb_text_column\"><div class=\"wpb_wrapper\"><hr \/>\n<h3>HOMEPAGE<\/h3>\n<\/div><\/div><div class=\"wpb_text_column\"><div class=\"wpb_wrapper\"><p><a href=\"http:\/\/www.tus-harsefeld.de\">www.tus-harsefeld.de<\/a><\/p>\n<\/div><\/div><\/div><\/div><\/div><\/div><\/section><section class=\"l-section wpb_row height_auto\"><div class=\"l-section-h i-cf\"><div class=\"g-cols vc_row via_grid cols_2-1 laptops-cols_inherit tablets-cols_inherit mobiles-cols_1 valign_top type_default stacking_default\"><div class=\"wpb_column vc_column_container\"><div class=\"vc_column-inner\"><div class=\"wpb_text_column\"><div class=\"wpb_wrapper\"><p style=\"text-align: center;\"><iframe loading=\"lazy\" style=\"border: 0;\" src=\"https:\/\/www.google.com\/maps\/embed?pb=!1m18!1m12!1m3!1d2376.3358060775968!2d9.488071315915498!3d53.44458317504932!2m3!1f0!2f0!3f0!3m2!1i1024!2i768!4f13.1!3m3!1m2!1s0x47b173d665321123%3A0xf7a123558c9d334!2sJahnstra%C3%9Fe+14%2C+21698+Harsefeld!5e0!3m2!1sde!2sde!4v1484754834480\" width=\"600\" height=\"450\" frameborder=\"0\" allowfullscreen=\"allowfullscreen\"><\/iframe><\/p>\n<\/div><\/div><\/div><\/div><div class=\"wpb_column vc_column_container\"><div class=\"vc_column-inner\"><div class=\"wpb_text_column\"><div class=\"wpb_wrapper\"><h2>WALDSTADION UND GESCH\u00c4FTSSTELLE<\/h2>\n<\/div><\/div><div class=\"wpb_text_column\"><div class=\"wpb_wrapper\"><p>Da sich die Gesch\u00e4ftsstelle direkt am Waldstadion befindet, handelt es sich um die gleiche Anschrift. Auch der Kunstrasenplatz befindet sich im Stadion. Direkt gegen\u00fcber des Parkplatzes findet sich die Sporthalle Jahnstra\u00dfe, j\u00e4hrliche Anlaufstelle der Hallenturniere.<\/p>\n<p>Parkpl\u00e4tze befinden sich zwischen Stadion und Halle. Bei gr\u00f6\u00dferen Veranstaltungen kann auch der gro\u00dfe Parkplatz vor dem Kunstrasenplatz genutzt werden (auch f\u00fcr anreisende Reisebusse). Der Eingang zur Gesch\u00e4ftsstelle befindet sich zur Stra\u00dfenseite liegend.<\/p>\n<\/div><\/div><\/div><\/div><\/div><\/div><\/section>\n","protected":false},"excerpt":{"rendered":"GESCH\u00c4FTSSTELLE DES TUS HARSEFELD Jahnstra\u00dfe 14, 21698 Harsefeld04164 2444info@tus-harsefeld.de FUSSBALLOBMANN Dirk Haucke 0151 26474103fussball@tus-harsefeld.de \u00d6FFNUNGSZEITEN Montag 15-18 Uhr Mittwoch 9-12 Uhr Donnerstag 16-19 Uhr DOWNLOADS HOMEPAGE www.tus-harsefeld.de WALDSTADION UND GESCH\u00c4FTSSTELLE Da sich die Gesch\u00e4ftsstelle direkt am Waldstadion befindet, handelt es sich um die gleiche Anschrift. Auch der Kunstrasenplatz befindet sich im Stadion. Direkt gegen\u00fcber des...","protected":false},"author":2,"featured_media":0,"parent":0,"menu_order":0,"comment_status":"closed","ping_status":"closed","template":"","meta":{"footnotes":""},"class_list":["post-565","page","type-page","status-publish","hentry"],"_links":{"self":[{"href":"https:\/\/tus-harsefeld-fussball.de\/wp\/wp-json\/wp\/v2\/pages\/565","targetHints":{"allow":["GET"]}}],"collection":[{"href":"https:\/\/tus-harsefeld-fussball.de\/wp\/wp-json\/wp\/v2\/pages"}],"about":[{"href":"https:\/\/tus-harsefeld-fussball.de\/wp\/wp-json\/wp\/v2\/types\/page"}],"author":[{"embeddable":true,"href":"https:\/\/tus-harsefeld-fussball.de\/wp\/wp-json\/wp\/v2\/users\/2"}],"replies":[{"embeddable":true,"href":"https:\/\/tus-harsefeld-fussball.de\/wp\/wp-json\/wp\/v2\/comments?post=565"}],"version-history":[{"count":40,"href":"https:\/\/tus-harsefeld-fussball.de\/wp\/wp-json\/wp\/v2\/pages\/565\/revisions"}],"predecessor-version":[{"id":2596,"href":"https:\/\/tus-harsefeld-fussball.de\/wp\/wp-json\/wp\/v2\/pages\/565\/revisions\/2596"}],"wp:attachment":[{"href":"https:\/\/tus-harsefeld-fussball.de\/wp\/wp-json\/wp\/v2\/media?parent=565"}],"curies":[{"name":"wp","href":"https:\/\/api.w.org\/{rel}","templated":true}]}}